{"id":5416,"date":"2026-03-17T14:46:47","date_gmt":"2026-03-17T14:46:47","guid":{"rendered":"https:\/\/al-iman.org\/?page_id=5416"},"modified":"2026-03-22T20:17:01","modified_gmt":"2026-03-22T20:17:01","slug":"impressum","status":"publish","type":"page","link":"https:\/\/al-iman.org\/tr\/impressum\/","title":{"rendered":"Impressum"},"content":{"rendered":"<div data-elementor-type=\"wp-page\" data-elementor-id=\"5416\" class=\"elementor elementor-5416\" data-elementor-post-type=\"page\">\n\t\t\t\t<div class=\"elementor-element elementor-element-96abc3b e-flex e-con-boxed e-con e-parent\" data-id=\"96abc3b\" data-element_type=\"container\">\n\t\t\t\t\t<div class=\"e-con-inner\">\n\t\t<div class=\"elementor-element elementor-element-d37f835 e-con-full e-flex elementor-invisible e-con e-child\" data-id=\"d37f835\" data-element_type=\"container\" data-settings=\"{&quot;background_background&quot;:&quot;classic&quot;,&quot;animation&quot;:&quot;zoomIn&quot;}\">\n\t\t\t\t<div class=\"elementor-element elementor-element-9d67868 elementor-widget elementor-widget-heading\" data-id=\"9d67868\" data-element_type=\"widget\" data-widget_type=\"heading.default\">\n\t\t\t\t\t<h2 class=\"elementor-heading-title elementor-size-default\">\u0627\u0644\u0628\u064a\u0627\u0646\u0627\u062a \u0627\u0644\u0642\u0627\u0646\u0648\u0646\u064a\u0629<br>\nImpressum<\/h2>\t\t\t\t<\/div>\n\t\t\t\t<div class=\"elementor-element elementor-element-3b3e7aa elementor-widget elementor-widget-text-editor\" data-id=\"3b3e7aa\" data-element_type=\"widget\" data-widget_type=\"text-editor.default\">\n\t\t\t\t\t\t\t\t\t<h3 style=\"text-align: right;\">1. Angaben gem\u00e4\u00df \u00a7 5 DDG (ehem. TMG) \/ \u0627\u0644\u0628\u064a\u0627\u0646\u0627\u062a \u0648\u0641\u0642\u064b\u0627 \u0644\u0644\u0642\u0627\u0646\u0648\u0646 \u0627\u0644\u0623\u0644\u0645\u0627\u0646\u064a<\/h3><p style=\"text-align: right;\">Deutsch-Syrisches Bildungs- und Kulturzentrum K\u00f6ln e.V.<br \/>Boltensternstra\u00dfe 159<br \/>50735 K\u00f6ln<br \/>Deutschland<\/p><p style=\"text-align: right;\">Vorsitzender: Mohammed Karimaldin.<br \/>Stellvertretender Vorsitzender: Deyaa Adranale.<br \/>Sekret\u00e4r: Feras Alsayrawan.<\/p><p style=\"text-align: right;\">Der Vorsitzende ist alleinvertretungsberechtigt.<br \/>Der stellvertretende Vorsitzende und der Sekret\u00e4r sind gemeinsam vertretungsberechtigt.<\/p><p style=\"text-align: right;\">Vereinsregister: VR 22607<br \/>Registergericht: Amtsgericht K\u00f6ln, Vereinsregister<\/p><p style=\"text-align: right;\">Kontakt:<br \/>Telefon: +49 15511 377086<br \/>E-Mail: <a href=\"mailto:info@al-iman.org\" target=\"_blank\" rel=\"nofollow noopener\">info@al-iman.org<\/a><\/p><p style=\"text-align: right;\">\u0627\u0644\u0645\u0631\u0643\u0632 \u0627\u0644\u062a\u0639\u0644\u064a\u0645\u064a \u0648\u0627\u0644\u062b\u0642\u0627\u0641\u064a \u0627\u0644\u0623\u0644\u0645\u0627\u0646\u064a\u2013\u0627\u0644\u0633\u0648\u0631\u064a \u0641\u064a \u0643\u0648\u0644\u0646 (\u0645\u0633\u062c\u0651\u0644 \u0643\u062c\u0645\u0639\u064a\u0629 e.V.)<br \/>\u0634\u0627\u0631\u0639 \u0628\u0648\u0644\u062a\u0646\u0634\u062a\u064a\u0631\u0646 159<br \/>50735 \u0643\u0648\u0644\u0646<br \/>\u0623\u0644\u0645\u0627\u0646\u064a\u0627<\/p><p style=\"text-align: right;\">\u0631\u0626\u064a\u0633 \u0627\u0644\u062c\u0645\u0639\u064a\u0629: \u0645\u062d\u0645\u062f \u0643\u0631\u064a\u0645 \u0627\u0644\u062f\u064a\u0646<br \/>\u0646\u0627\u0626\u0628 \u0627\u0644\u0631\u0626\u064a\u0633: \u0636\u064a\u0627\u0621 \u0627\u0644\u0623\u062f\u0631\u0646\u0644\u064a<br \/>\u0627\u0644\u0633\u0643\u0631\u062a\u064a\u0631: \u0641\u0631\u0627\u0633 \u0627\u0644\u0633\u064a\u0631\u0648\u0627\u0646<\/p><p style=\"text-align: right;\">\u064a\u062a\u0645\u062a\u0639 \u0631\u0626\u064a\u0633 \u0627\u0644\u062c\u0645\u0639\u064a\u0629 \u0628\u062d\u0642 \u0627\u0644\u062a\u0645\u062b\u064a\u0644 \u0645\u0646\u0641\u0631\u062f\u064b\u0627.<br \/>\u0623\u0645\u0627 \u0646\u0627\u0626\u0628 \u0627\u0644\u0631\u0626\u064a\u0633 \u0648\u0627\u0644\u0633\u0643\u0631\u062a\u064a\u0631 \u0641\u0644\u0647\u0645 \u062d\u0642 \u0627\u0644\u062a\u0645\u062b\u064a\u0644 \u0645\u062c\u062a\u0645\u0639\u064a\u0646.<\/p><p style=\"text-align: right;\">\u0631\u0642\u0645 \u062a\u0633\u062c\u064a\u0644 \u0627\u0644\u062c\u0645\u0639\u064a\u0629: VR 22607<br \/>\u0645\u062d\u0643\u0645\u0629 \u0627\u0644\u062a\u0633\u062c\u064a\u0644: \u0645\u062d\u0643\u0645\u0629 \u0643\u0648\u0644\u0646 \u2013 \u0633\u062c\u0644 \u0627\u0644\u062c\u0645\u0639\u064a\u0627\u062a<\/p><p style=\"text-align: right;\">\u0628\u064a\u0627\u0646\u0627\u062a \u0627\u0644\u0627\u062a\u0635\u0627\u0644:<br \/>\u0647\u0627\u062a\u0641: \u200e+49 15511 377086<br \/>\u0627\u0644\u0628\u0631\u064a\u062f \u0627\u0644\u0625\u0644\u0643\u062a\u0631\u0648\u0646\u064a: <a href=\"mailto:info@al-iman.org\" target=\"_blank\" rel=\"nofollow noopener\">info@al-iman.org<\/a><\/p><hr \/><h3>2. Verantwortlich f\u00fcr den Inhalt nach <span style=\"font-weight: 400;\">\u00a7 18 Abs. 2 MStV<\/span> \/ \u0627\u0644\u0645\u0633\u0624\u0648\u0644 \u0639\u0646 \u0627\u0644\u0645\u062d\u062a\u0648\u0649<\/h3><p style=\"text-align: right;\">Verantwortlich f\u00fcr den Inhalt nach <span style=\"font-weight: 400;\">\u00a7 18 Abs. 2 MStV<\/span>:<\/p><p style=\"text-align: right;\">Mohammed Karimaldin<br \/>Boltensternstra\u00dfe 159<br \/>50735 K\u00f6ln<\/p><p style=\"text-align: right;\">\u0627\u0644\u0645\u0633\u0624\u0648\u0644 \u0639\u0646 \u0627\u0644\u0645\u062d\u062a\u0648\u0649 <span style=\"font-weight: 400;\">\u0648\u0641\u0642\u064b\u0627 \u0644\u0644\u0645\u0627\u062f\u0629 18 \u0627\u0644\u0641\u0642\u0631\u0629 2 \u0645\u0646 \u0645\u0639\u0627\u0647\u062f\u0629 \u0627\u0644\u0625\u0639\u0644\u0627\u0645<\/span>:<\/p><p style=\"text-align: right;\">\u0645\u062d\u0645\u062f \u0643\u0631\u064a\u0645 \u0627\u0644\u062f\u064a\u0646<br \/>\u0634\u0627\u0631\u0639 \u0628\u0648\u0644\u062a\u0646\u0634\u062a\u064a\u0631\u0646 159<br \/>50735 \u0643\u0648\u0644\u0646<\/p><hr \/><h3 style=\"text-align: right;\">3. Haftungsausschluss (Disclaimer) \/ \u0625\u062e\u0644\u0627\u0621 \u0627\u0644\u0645\u0633\u0624\u0648\u0644\u064a\u0629<\/h3><h5 style=\"text-align: right;\">3.1 Haftung f\u00fcr Inhalte \/ \u0627\u0644\u0645\u0633\u0624\u0648\u0644\u064a\u0629 \u0639\u0646 \u0627\u0644\u0645\u062d\u062a\u0648\u0649<\/h5><p style=\"text-align: right;\">Als Diensteanbieter sind wir gem\u00e4\u00df \u00a7 7 Abs. 1 TMG f\u00fcr eigene Inhalte auf diesen Seiten nach den allgemeinen Gesetzen verantwortlich. Wir sind nach \u00a7\u00a7 8 bis 10 TMG jedoch nicht verpflichtet, \u00fcbermittelte oder gespeicherte fremde Informationen zu \u00fcberwachen oder nach Umst\u00e4nden zu forschen, die auf eine rechtswidrige T\u00e4tigkeit hinweisen.<br \/>Verpflichtungen zur Entfernung oder Sperrung der Nutzung von Informationen nach den allgemeinen Gesetzen bleiben hiervon unber\u00fchrt. Eine diesbez\u00fcgliche Haftung ist jedoch erst ab dem Zeitpunkt m\u00f6glich, zu dem wir von einer konkreten Rechtsverletzung Kenntnis erlangen. Bei Bekanntwerden entsprechender Rechtsverletzungen werden wir diese Inhalte umgehend entfernen.<\/p><p style=\"text-align: right;\">\u0628\u0635\u0641\u062a\u0646\u0627 \u0645\u0632\u0648\u0651\u062f \u062e\u062f\u0645\u0629\u060c \u0646\u062a\u062d\u0645\u0651\u0644 \u0627\u0644\u0645\u0633\u0624\u0648\u0644\u064a\u0629 \u0639\u0646 \u0627\u0644\u0645\u062d\u062a\u0648\u064a\u0627\u062a \u0627\u0644\u062e\u0627\u0635\u0629 \u0628\u0646\u0627 \u0639\u0644\u0649 \u0647\u0630\u0647 \u0627\u0644\u0635\u0641\u062d\u0627\u062a \u0648\u0641\u0642\u064b\u0627 \u0644\u0644\u0645\u0627\u062f\u0629 7 \u0627\u0644\u0641\u0642\u0631\u0629 1 \u0645\u0646 \u0642\u0627\u0646\u0648\u0646 \u062e\u062f\u0645\u0627\u062a \u0627\u0644\u0625\u0639\u0644\u0627\u0645 (TMG) \u0648\u0628\u0645\u0648\u062c\u0628 \u0627\u0644\u0642\u0648\u0627\u0646\u064a\u0646 \u0627\u0644\u0639\u0627\u0645\u0629. \u0625\u0644\u0627 \u0623\u0646\u0646\u0627\u060c \u0648\u0641\u0642\u064b\u0627 \u0644\u0644\u0645\u0648\u0627\u062f \u0645\u0646 8 \u0625\u0644\u0649 10 \u0645\u0646 \u0646\u0641\u0633 \u0627\u0644\u0642\u0627\u0646\u0648\u0646\u060c \u063a\u064a\u0631 \u0645\u0644\u0632\u0645\u064a\u0646 \u0628\u0645\u0631\u0627\u0642\u0628\u0629 \u0627\u0644\u0645\u0639\u0644\u0648\u0645\u0627\u062a \u0627\u0644\u0645\u0646\u0642\u0648\u0644\u0629 \u0623\u0648 \u0627\u0644\u0645\u062e\u0632\u0651\u0646\u0629 \u0645\u0646 \u0623\u0637\u0631\u0627\u0641 \u062b\u0627\u0644\u062b\u0629 \u0623\u0648 \u0627\u0644\u0628\u062d\u062b \u0639\u0646 \u0645\u0624\u0634\u0631\u0627\u062a \u062a\u062f\u0644 \u0639\u0644\u0649 \u0646\u0634\u0627\u0637 \u063a\u064a\u0631 \u0642\u0627\u0646\u0648\u0646\u064a.<br \/>\u062a\u0628\u0642\u0649 \u0627\u0644\u0627\u0644\u062a\u0632\u0627\u0645\u0627\u062a \u0627\u0644\u0645\u062a\u0639\u0644\u0642\u0629 \u0628\u0625\u0632\u0627\u0644\u0629 \u0627\u0644\u0645\u0639\u0644\u0648\u0645\u0627\u062a \u0623\u0648 \u062d\u062c\u0628 \u0627\u0633\u062a\u062e\u062f\u0627\u0645\u0647\u0627 \u0648\u0641\u0642\u064b\u0627 \u0644\u0644\u0642\u0648\u0627\u0646\u064a\u0646 \u0627\u0644\u0639\u0627\u0645\u0629 \u0633\u0627\u0631\u064a\u0629 \u062f\u0648\u0646 \u062a\u063a\u064a\u064a\u0631. \u0648\u0644\u0627 \u062a\u0646\u0634\u0623 \u0627\u0644\u0645\u0633\u0624\u0648\u0644\u064a\u0629 \u0641\u064a \u0647\u0630\u0627 \u0627\u0644\u062e\u0635\u0648\u0635 \u0625\u0644\u0627 \u0645\u0646 \u0648\u0642\u062a \u0639\u0644\u0645\u0646\u0627 \u0628\u0648\u062c\u0648\u062f \u0627\u0646\u062a\u0647\u0627\u0643 \u0645\u062d\u062f\u0651\u062f \u0644\u0644\u0642\u0627\u0646\u0648\u0646. \u0648\u0641\u064a \u062d\u0627\u0644 \u0639\u0644\u0645\u0646\u0627 \u0628\u0623\u064a \u0627\u0646\u062a\u0647\u0627\u0643\u0627\u062a \u0642\u0627\u0646\u0648\u0646\u064a\u0629\u060c \u0633\u0646\u0642\u0648\u0645 \u0628\u0625\u0632\u0627\u0644\u0629 \u0647\u0630\u0647 \u0627\u0644\u0645\u062d\u062a\u0648\u064a\u0627\u062a \u0641\u0648\u0631\u064b\u0627.<\/p><hr \/><h5 style=\"text-align: right;\">3.2 Haftung f\u00fcr Links \/ \u0627\u0644\u0645\u0633\u0624\u0648\u0644\u064a\u0629 \u0639\u0646 \u0627\u0644\u0631\u0648\u0627\u0628\u0637<\/h5><p style=\"text-align: right;\">Unser Angebot enth\u00e4lt Links zu externen Websites Dritter, auf deren Inhalte wir keinen Einfluss haben. Deshalb k\u00f6nnen wir f\u00fcr diese fremden Inhalte keine Gew\u00e4hr \u00fcbernehmen. F\u00fcr die Inhalte der verlinkten Seiten ist stets der jeweilige Anbieter oder Betreiber verantwortlich. Die verlinkten Seiten wurden zum Zeitpunkt der Verlinkung auf m\u00f6gliche Rechtsverst\u00f6\u00dfe \u00fcberpr\u00fcft; rechtswidrige Inhalte waren zu diesem Zeitpunkt nicht erkennbar.<br \/>Eine permanente inhaltliche Kontrolle der verlinkten Seiten ist ohne konkrete Anhaltspunkte einer Rechtsverletzung jedoch nicht zumutbar. Bei Bekanntwerden von Rechtsverletzungen werden wir derartige Links umgehend entfernen.<\/p><p style=\"text-align: right;\">\u064a\u062d\u062a\u0648\u064a \u0645\u0648\u0642\u0639\u0646\u0627 \u0639\u0644\u0649 \u0631\u0648\u0627\u0628\u0637 \u0644\u0645\u0648\u0627\u0642\u0639 \u062e\u0627\u0631\u062c\u064a\u0629 \u062a\u0627\u0628\u0639\u0629 \u0644\u0623\u0637\u0631\u0627\u0641 \u062b\u0627\u0644\u062b\u0629 \u0644\u0627 \u0646\u0645\u0644\u0643 \u0623\u064a \u062a\u0623\u062b\u064a\u0631 \u0639\u0644\u0649 \u0645\u062d\u062a\u0648\u0627\u0647\u0627\u060c \u0648\u0644\u0630\u0644\u0643 \u0644\u0627 \u064a\u0645\u0643\u0646\u0646\u0627 \u062a\u062d\u0645\u0651\u0644 \u0623\u064a \u0645\u0633\u0624\u0648\u0644\u064a\u0629 \u0639\u0646 \u0647\u0630\u0647 \u0627\u0644\u0645\u062d\u062a\u0648\u064a\u0627\u062a. \u064a\u062a\u062d\u0645\u0651\u0644 \u0645\u0634\u063a\u0651\u0644\u0648 \u0623\u0648 \u0645\u0642\u062f\u0651\u0645\u0648 \u062a\u0644\u0643 \u0627\u0644\u0645\u0648\u0627\u0642\u0639 \u0648\u062d\u062f\u0647\u0645 \u0645\u0633\u0624\u0648\u0644\u064a\u0629 \u0645\u062d\u062a\u0648\u0627\u0647\u0627. \u0648\u0642\u062f \u062a\u0645 \u0641\u062d\u0635 \u0627\u0644\u0635\u0641\u062d\u0627\u062a \u0627\u0644\u0645\u0631\u062a\u0628\u0637\u0629 \u0648\u0642\u062a \u0625\u0646\u0634\u0627\u0621 \u0627\u0644\u0631\u0627\u0628\u0637 \u0644\u0644\u062a\u062d\u0642\u0642 \u0645\u0646 \u0627\u062d\u062a\u0645\u0627\u0644 \u0648\u062c\u0648\u062f \u0645\u062e\u0627\u0644\u0641\u0627\u062a \u0642\u0627\u0646\u0648\u0646\u064a\u0629\u060c \u0648\u0644\u0645 \u064a\u0643\u0646 \u0647\u0646\u0627\u0643 \u0623\u064a \u0645\u062d\u062a\u0648\u0649 \u063a\u064a\u0631 \u0642\u0627\u0646\u0648\u0646\u064a \u0638\u0627\u0647\u0631 \u0641\u064a \u0630\u0644\u0643 \u0627\u0644\u0648\u0642\u062a.<br \/>\u0648\u0644\u0627 \u064a\u0645\u0643\u0646 \u0625\u062c\u0631\u0627\u0621 \u0645\u0631\u0627\u0642\u0628\u0629 \u0645\u0633\u062a\u0645\u0631\u0629 \u0644\u0645\u062d\u062a\u0648\u0649 \u0627\u0644\u0635\u0641\u062d\u0627\u062a \u0627\u0644\u0645\u0631\u062a\u0628\u0637\u0629 \u062f\u0648\u0646 \u0648\u062c\u0648\u062f \u062f\u0644\u0627\u0626\u0644 \u0645\u0644\u0645\u0648\u0633\u0629 \u0639\u0644\u0649 \u0627\u0646\u062a\u0647\u0627\u0643 \u0642\u0627\u0646\u0648\u0646\u064a. \u0648\u0625\u0630\u0627 \u0639\u0644\u0645\u0646\u0627 \u0628\u0623\u064a \u0627\u0646\u062a\u0647\u0627\u0643\u0627\u062a\u060c \u0641\u0633\u0646\u0642\u0648\u0645 \u0628\u0625\u0632\u0627\u0644\u0629 \u0645\u062b\u0644 \u0647\u0630\u0647 \u0627\u0644\u0631\u0648\u0627\u0628\u0637 \u0641\u0648\u0631\u064b\u0627.<\/p><hr \/><h3 id=\"4-urheberrecht\" style=\"text-align: right;\">4. Urheberrecht \/ \u062d\u0642\u0648\u0642 \u0627\u0644\u0646\u0634\u0631<\/h3><p style=\"text-align: right;\">Die durch die Seitenbetreiber erstellten Inhalte und Werke auf diesen Seiten unterliegen dem deutschen Urheberrecht. Beitr\u00e4ge Dritter sind als solche gekennzeichnet. Jede Vervielf\u00e4ltigung, Bearbeitung, Verbreitung oder sonstige Verwertung au\u00dferhalb der Grenzen des Urheberrechts bedarf der vorherigen schriftlichen Zustimmung des jeweiligen Autors bzw. Erstellers.<br \/>Downloads und Kopien dieser Seite sind nur f\u00fcr den privaten, nicht kommerziellen Gebrauch gestattet.<br \/>Soweit die Inhalte auf dieser Seite nicht vom Betreiber erstellt wurden, werden die Urheberrechte Dritter beachtet. Inhalte Dritter werden insbesondere als solche gekennzeichnet. Solltest du trotzdem auf eine Urheberrechtsverletzung aufmerksam werden, bitten wir um einen entsprechenden Hinweis. Bei Bekanntwerden von Rechtsverletzungen werden wir derartige Inhalte umgehend entfernen.<\/p><p style=\"text-align: right;\">\u062a\u062e\u0636\u0639 \u0627\u0644\u0645\u062d\u062a\u0648\u064a\u0627\u062a \u0648\u0627\u0644\u0623\u0639\u0645\u0627\u0644 \u0627\u0644\u0645\u0646\u0634\u0648\u0631\u0629 \u0639\u0644\u0649 \u0647\u0630\u0647 \u0627\u0644\u0635\u0641\u062d\u0627\u062a\u060c \u0648\u0627\u0644\u062a\u064a \u0623\u0639\u062f\u0651\u0647\u0627 \u0645\u0634\u063a\u0651\u0644\u0648 \u0627\u0644\u0645\u0648\u0642\u0639\u060c \u0644\u0642\u0627\u0646\u0648\u0646 \u062d\u0642\u0648\u0642 \u0627\u0644\u0646\u0634\u0631 \u0627\u0644\u0623\u0644\u0645\u0627\u0646\u064a. \u0648\u062a\u064f\u0648\u0636\u0651\u064e\u062d \u0645\u0633\u0627\u0647\u0645\u0627\u062a \u0627\u0644\u0623\u0637\u0631\u0627\u0641 \u0627\u0644\u062b\u0627\u0644\u062b\u0629 \u0639\u0644\u0649 \u0623\u0646\u0647\u0627 \u0643\u0630\u0644\u0643. \u064a\u062a\u0637\u0644\u0651\u0628 \u0623\u064a \u0646\u0633\u062e \u0623\u0648 \u062a\u0639\u062f\u064a\u0644 \u0623\u0648 \u0646\u0634\u0631 \u0623\u0648 \u0623\u064a \u0634\u0643\u0644 \u0645\u0646 \u0623\u0634\u0643\u0627\u0644 \u0627\u0644\u0627\u0633\u062a\u063a\u0644\u0627\u0644 \u062e\u0627\u0631\u062c \u062d\u062f\u0648\u062f \u0645\u0627 \u064a\u0633\u0645\u062d \u0628\u0647 \u0642\u0627\u0646\u0648\u0646 \u062d\u0642\u0648\u0642 \u0627\u0644\u0646\u0634\u0631 \u0645\u0648\u0627\u0641\u0642\u0629 \u062e\u0637\u064a\u0629 \u0645\u0633\u0628\u0642\u0629 \u0645\u0646 \u0635\u0627\u062d\u0628 \u0627\u0644\u062d\u0642 \u0623\u0648 \u0627\u0644\u0645\u0624\u0644\u0641.<br \/>\u064a\u0633\u0645\u062d \u0628\u062a\u0646\u0632\u064a\u0644 \u0623\u0648 \u0646\u0633\u062e \u0627\u0644\u0645\u062d\u062a\u0648\u064a\u0627\u062a \u0645\u0646 \u0647\u0630\u0627 \u0627\u0644\u0645\u0648\u0642\u0639 \u0644\u0644\u0627\u0633\u062a\u062e\u062f\u0627\u0645 \u0627\u0644\u0634\u062e\u0635\u064a \u0648\u063a\u064a\u0631 \u0627\u0644\u062a\u062c\u0627\u0631\u064a \u0641\u0642\u0637.<br \/>\u0648\u0641\u064a \u062d\u0627\u0644 \u0644\u0645 \u064a\u062a\u0645 \u0625\u0646\u0634\u0627\u0621 \u0628\u0639\u0636 \u0627\u0644\u0645\u062d\u062a\u0648\u064a\u0627\u062a \u0639\u0644\u0649 \u0647\u0630\u0627 \u0627\u0644\u0645\u0648\u0642\u0639 \u0645\u0646 \u0642\u0628\u0644 \u0627\u0644\u0645\u0634\u063a\u0651\u0644 \u0646\u0641\u0633\u0647\u060c \u0641\u0633\u064a\u062a\u0645 \u0627\u062d\u062a\u0631\u0627\u0645 \u062d\u0642\u0648\u0642 \u0627\u0644\u0646\u0634\u0631 \u0627\u0644\u062e\u0627\u0635\u0629 \u0628\u0627\u0644\u0623\u0637\u0631\u0627\u0641 \u0627\u0644\u062b\u0627\u0644\u062b\u0629\u060c \u0643\u0645\u0627 \u0633\u064a\u062a\u0645 \u062a\u0645\u064a\u064a\u0632 \u0645\u062d\u062a\u0648\u064a\u0627\u062a\u0647\u0645 \u0639\u0644\u0649 \u0647\u0630\u0627 \u0627\u0644\u0646\u062d\u0648. \u0648\u0625\u0630\u0627 \u0644\u0627\u062d\u0638\u062a \u0645\u0639 \u0630\u0644\u0643 \u0623\u064a \u0627\u0646\u062a\u0647\u0627\u0643 \u0644\u062d\u0642\u0648\u0642 \u0627\u0644\u0646\u0634\u0631\u060c \u0641\u0646\u0631\u062c\u0648 \u0645\u0646\u0643 \u0625\u0628\u0644\u0627\u063a\u0646\u0627 \u0628\u0630\u0644\u0643. \u0648\u0639\u0646\u062f \u0639\u0644\u0645\u0646\u0627 \u0628\u0623\u064a \u0627\u0646\u062a\u0647\u0627\u0643\u0627\u062a\u060c \u0633\u0646\u0642\u0648\u0645 \u0628\u0625\u0632\u0627\u0644\u0629 \u0647\u0630\u0647 \u0627\u0644\u0645\u062d\u062a\u0648\u064a\u0627\u062a \u0641\u0648\u0631\u064b\u0627.<\/p><h4 style=\"--theme-font-size: 25px; --theme-line-height: 1.5; font-style: normal; font-weight: bold; font-size: 25px; line-height: 1.5; letter-spacing: normal; text-transform: none; text-decoration: none; max-width: 1290px; width: min(100%, 2304px); margin-left: auto !important; margin-right: auto !important; text-align: right;\">Haftungsausschluss<\/h4><p style=\"text-align: right;\"><strong>Haftung f\u00fcr Inhalte<br \/><\/strong>Als Diensteanbieter sind wir gem\u00e4\u00df \u00a7 7 Abs.1 TMG f\u00fcr eigene Inhalte auf diesen Seiten nach den allgemeinen Gesetzen verantwortlich. Nach \u00a7\u00a7 8 bis 10 TMG sind wir als Diensteanbieter jedoch nicht verpflichtet, \u00fcbermittelte oder gespeicherte fremde Informationen zu \u00fcberwachen oder nach Umst\u00e4nden zu forschen, die auf eine rechtswidrige T\u00e4tigkeit hinweisen<\/p><p style=\"text-align: right;\">Verpflichtungen zur Entfernung oder Sperrung der Nutzung von Informationen nach den allgemeinen Gesetzen bleiben hiervon unber\u00fchrt. Eine diesbez\u00fcgliche Haftung ist jedoch erst ab dem Zeitpunkt der Kenntnis einer konkreten Rechtsverletzung m\u00f6glich. Bei Bekanntwerden von entsprechenden Rechtsverletzungen werden wir diese Inhalte umgehend entfernen<\/p><p style=\"text-align: right;\"><strong>Haftung f\u00fcr Links<br \/><\/strong>Unser Angebot enth\u00e4lt Links zu externen Websites Dritter, auf deren Inhalte wir keinen Einfluss haben. Deshalb k\u00f6nnen wir f\u00fcr diese fremden Inhalte auch keine Gew\u00e4hr \u00fcbernehmen. F\u00fcr die Inhalte der verlinkten Seiten ist stets der jeweilige Anbieter oder Betreiber der Seiten verantwortlich. Die verlinkten Seiten wurden zum Zeitpunkt der Verlinkung auf m\u00f6gliche Rechtsverst\u00f6\u00dfe \u00fcberpr\u00fcft. Rechtswidrige Inhalte waren zum Zeitpunkt der Verlinkung nicht erkennbar<\/p><p style=\"text-align: right;\">Eine permanente inhaltliche Kontrolle der verlinkten Seiten ist jedoch ohne konkrete Anhaltspunkte einer Rechtsverletzung nicht zumutbar. Bei Bekanntwerden von Rechtsverletzungen werden wir derartige Links umgehend entfernen<\/p><p style=\"text-align: right;\"><strong>Urheberrecht<\/strong><br \/>Die durch die Seitenbetreiber erstellten Inhalte und Werke auf diesen Seiten unterliegen dem deutschen Urheberrecht. Beitr\u00e4ge Dritter sind als solche gekennzeichnet. Die Vervielf\u00e4ltigung, Bearbeitung, Verbreitung und jede Art der Verwertung au\u00dferhalb der Grenzen des Urheberrechtes bed\u00fcrfen der schriftlichen Zustimmung des jeweiligen Autors bzw. Erstellers. Downloads und Kopien dieser Seite sind nur f\u00fcr den privaten, nicht kommerziellen Gebrauch gestattet<\/p><p style=\"text-align: right;\">Soweit die Inhalte auf dieser Seite nicht vom Betreiber erstellt wurden, werden die Urheberrechte Dritter beachtet. Insbesondere werden Inhalte Dritter als solche gekennzeichnet. Sollten Sie trotzdem auf eine Urheberrechtsverletzung aufmerksam werden, bitten wir um einen entsprechenden Hinweis. Bei Bekanntwerden von Rechtsverletzungen werden wir derartige Inhalte umgehend entfernen<\/p>\t\t\t\t\t\t\t\t<\/div>\n\t\t\t\t<\/div>\n\t\t\t\t\t<\/div>\n\t\t\t\t<\/div>\n\t\t\t\t<\/div>","protected":false},"excerpt":{"rendered":"<p>\u0627\u0644\u0628\u064a\u0627\u0646\u0627\u062a \u0627\u0644\u0642\u0627\u0646\u0648\u0646\u064a\u0629 Impressum 1. Angaben gem\u00e4\u00df \u00a7 5 DDG (ehem. TMG) \/ \u0627\u0644\u0628\u064a\u0627\u0646\u0627\u062a \u0648\u0641\u0642\u064b\u0627 \u0644\u0644\u0642\u0627\u0646\u0648\u0646 \u0627\u0644\u0623\u0644\u0645\u0627\u0646\u064a Deutsch-Syrisches Bildungs- und Kulturzentrum K\u00f6ln e.V.Boltensternstra\u00dfe 15950735 K\u00f6lnDeutschland Vorsitzender: Mohammed Karimaldin.Stellvertretender Vorsitzender: Deyaa Adranale.Sekret\u00e4r: Feras Alsayrawan. Der Vorsitzende ist alleinvertretungsberechtigt.Der stellvertretende Vorsitzende und der Sekret\u00e4r sind gemeinsam vertretungsberechtigt. Vereinsregister: VR 22607Registergericht: Amtsgericht K\u00f6ln, Vereinsregister Kontakt:Telefon: +49 15511 377086E-Mail: info@al-iman.org [&hellip;]<\/p>","protected":false},"author":7,"featured_media":0,"parent":0,"menu_order":0,"comment_status":"closed","ping_status":"closed","template":"elementor_header_footer","meta":{"_joinchat":[],"footnotes":""},"class_list":["post-5416","page","type-page","status-publish","hentry"],"blocksy_meta":[],"_links":{"self":[{"href":"https:\/\/al-iman.org\/tr\/wp-json\/wp\/v2\/pages\/5416","targetHints":{"allow":["GET"]}}],"collection":[{"href":"https:\/\/al-iman.org\/tr\/wp-json\/wp\/v2\/pages"}],"about":[{"href":"https:\/\/al-iman.org\/tr\/wp-json\/wp\/v2\/types\/page"}],"author":[{"embeddable":true,"href":"https:\/\/al-iman.org\/tr\/wp-json\/wp\/v2\/users\/7"}],"replies":[{"embeddable":true,"href":"https:\/\/al-iman.org\/tr\/wp-json\/wp\/v2\/comments?post=5416"}],"version-history":[{"count":7,"href":"https:\/\/al-iman.org\/tr\/wp-json\/wp\/v2\/pages\/5416\/revisions"}],"predecessor-version":[{"id":5468,"href":"https:\/\/al-iman.org\/tr\/wp-json\/wp\/v2\/pages\/5416\/revisions\/5468"}],"wp:attachment":[{"href":"https:\/\/al-iman.org\/tr\/wp-json\/wp\/v2\/media?parent=5416"}],"curies":[{"name":"wp","href":"https:\/\/api.w.org\/{rel}","templated":true}]}}