{"id":4184,"date":"2026-01-15T02:41:47","date_gmt":"2026-01-15T02:41:47","guid":{"rendered":"https:\/\/new.al-iman.org\/?page_id=4184"},"modified":"2026-03-22T19:40:11","modified_gmt":"2026-03-22T19:40:11","slug":"%d8%a7%d9%84%d8%b4%d8%b1%d9%88%d8%b7-%d9%88-%d8%a7%d9%84%d8%a3%d8%ad%d9%83%d8%a7%d9%85-%d9%88-%d8%b3%d9%8a%d8%a7%d8%b3%d8%a9-%d8%a7%d9%84%d8%ae%d8%b5%d9%88%d8%b5%d9%8a%d8%a9","status":"publish","type":"page","link":"https:\/\/al-iman.org\/en\/%d8%a7%d9%84%d8%b4%d8%b1%d9%88%d8%b7-%d9%88-%d8%a7%d9%84%d8%a3%d8%ad%d9%83%d8%a7%d9%85-%d9%88-%d8%b3%d9%8a%d8%a7%d8%b3%d8%a9-%d8%a7%d9%84%d8%ae%d8%b5%d9%88%d8%b5%d9%8a%d8%a9\/","title":{"rendered":"\u0627\u0644\u0634\u0631\u0648\u0637 \u0648 \u0627\u0644\u0623\u062d\u0643\u0627\u0645"},"content":{"rendered":"<div data-elementor-type=\"wp-page\" data-elementor-id=\"4184\" class=\"elementor elementor-4184\" data-elementor-post-type=\"page\">\n\t\t\t\t<div class=\"elementor-element elementor-element-96abc3b e-flex e-con-boxed e-con e-parent\" data-id=\"96abc3b\" data-element_type=\"container\">\n\t\t\t\t\t<div class=\"e-con-inner\">\n\t\t<div class=\"elementor-element elementor-element-d37f835 e-con-full e-flex elementor-invisible e-con e-child\" data-id=\"d37f835\" data-element_type=\"container\" data-settings=\"{&quot;background_background&quot;:&quot;classic&quot;,&quot;animation&quot;:&quot;zoomIn&quot;}\">\n\t\t\t\t<div class=\"elementor-element elementor-element-9d67868 elementor-widget elementor-widget-heading\" data-id=\"9d67868\" data-element_type=\"widget\" data-widget_type=\"heading.default\">\n\t\t\t\t\t<h2 class=\"elementor-heading-title elementor-size-default\">\u0627\u0644\u0634\u0631\u0648\u0637 \u0648 \u0627\u0644\u0623\u062d\u0643\u0627\u0645 \n<br>\nAllgemeine Gesch\u00e4ftsbedingungen (AGB)<\/h2>\t\t\t\t<\/div>\n\t\t\t\t<div class=\"elementor-element elementor-element-3b3e7aa elementor-widget elementor-widget-text-editor\" data-id=\"3b3e7aa\" data-element_type=\"widget\" data-widget_type=\"text-editor.default\">\n\t\t\t\t\t\t\t\t\t<h3 id=\"1-einleitung\" class=\"font-editorial font-bold mb-2 mt-4 [.has-inline-images_&amp;]:clear-end text-base first:mt-0\">1. Einleitung \/ \u0645\u0642\u062f\u0645\u0629<\/h3><p class=\"my-2 [&amp;+p]:mt-4 [&amp;_strong:has(+br)]:inline-block [&amp;_strong:has(+br)]:pb-2\">Willkommen auf der Website der Al-Iman-Moschee unter <a class=\"reset interactable cursor-pointer decoration-1 underline-offset-1 text-super hover:underline font-semibold\" href=\"https:\/\/al-iman.org\/en\/\" target=\"_blank\" rel=\"nofollow noopener\"><span class=\"text-box-trim-both\">www.al-iman.org<\/span><\/a>. Durch die Nutzung dieser Website erkl\u00e4rst du dich mit diesen Gesch\u00e4ftsbedingungen einverstanden. Wenn du mit einer der Bestimmungen nicht einverstanden bist, bitten wir dich, die Nutzung der Website zu unterlassen.<\/p><p class=\"my-2 [&amp;+p]:mt-4 [&amp;_strong:has(+br)]:inline-block [&amp;_strong:has(+br)]:pb-2\">\u0645\u0631\u062d\u0628\u064b\u0627 \u0628\u0643\u0645 \u0641\u064a \u0645\u0648\u0642\u0639 \u0645\u0633\u062c\u062f \u0627\u0644\u0625\u064a\u0645\u0627\u0646 <a class=\"reset interactable cursor-pointer decoration-1 underline-offset-1 text-super hover:underline font-semibold\" href=\"https:\/\/al-iman.org\/en\/\" target=\"_blank\" rel=\"nofollow noopener\"><span class=\"text-box-trim-both\">www.al-iman.org<\/span><\/a>. \u0628\u0627\u0633\u062a\u062e\u062f\u0627\u0645\u0643 \u0644\u0647\u0630\u0627 \u0627\u0644\u0645\u0648\u0642\u0639\u060c \u0641\u0625\u0646\u0643 \u062a\u0648\u0627\u0641\u0642 \u0639\u0644\u0649 \u0627\u0644\u0627\u0644\u062a\u0632\u0627\u0645 \u0628\u0647\u0630\u0647 \u0627\u0644\u0634\u0631\u0648\u0637 \u0648\u0627\u0644\u0623\u062d\u0643\u0627\u0645. \u0641\u064a \u062d\u0627\u0644 \u0639\u062f\u0645 \u0645\u0648\u0627\u0641\u0642\u062a\u0643 \u0639\u0644\u0649 \u0623\u064a \u0645\u0646\u0647\u0627\u060c \u064a\u064f\u0631\u062c\u0649 \u0627\u0644\u062a\u0648\u0642\u0641 \u0639\u0646 \u0627\u0633\u062a\u062e\u062f\u0627\u0645 \u0627\u0644\u0645\u0648\u0642\u0639.<\/p><hr class=\"bg-quiet h-px border-0\" \/><h3 id=\"2-angebotene-dienste\" class=\"font-editorial font-bold mb-2 mt-4 [.has-inline-images_&amp;]:clear-end text-base first:mt-0\">2. angebotene Dienste \/ \u0627\u0644\u062e\u062f\u0645\u0627\u062a \u0627\u0644\u0645\u0642\u062f\u0651\u0645\u0629<\/h3><p class=\"my-2 [&amp;+p]:mt-4 [&amp;_strong:has(+br)]:inline-block [&amp;_strong:has(+br)]:pb-2\">Die Website stellt eine Online-Plattform zur Verf\u00fcgung, die dem Sammeln von Spenden zur Unterst\u00fctzung des Projekts \u201eKauf und Ausstattung der Al-Iman-Moschee\u201c dient. Zudem k\u00f6nnen grundlegende Daten wie Name und E\u2011Mail-Adresse erfasst werden, um mit Spendern und Abonnenten Kontakt aufzunehmen.<\/p><p class=\"my-2 [&amp;+p]:mt-4 [&amp;_strong:has(+br)]:inline-block [&amp;_strong:has(+br)]:pb-2\">\u064a\u0648\u0641\u0651\u0631 \u0627\u0644\u0645\u0648\u0642\u0639 \u0645\u0646\u0635\u0629 \u0625\u0644\u0643\u062a\u0631\u0648\u0646\u064a\u0629 \u062a\u0647\u062f\u0641 \u0625\u0644\u0649 \u062c\u0645\u0639 \u0627\u0644\u062a\u0628\u0631\u0639\u0627\u062a \u0644\u062f\u0639\u0645 \u0645\u0634\u0631\u0648\u0639 \u0634\u0631\u0627\u0621 \u0648\u062a\u062c\u0647\u064a\u0632 \u0645\u0633\u062c\u062f \u0627\u0644\u0625\u064a\u0645\u0627\u0646. \u0643\u0645\u0627 \u0642\u062f \u0646\u0642\u0648\u0645 \u0628\u062c\u0645\u0639 \u0628\u0639\u0636 \u0627\u0644\u0628\u064a\u0627\u0646\u0627\u062a \u0627\u0644\u0623\u0633\u0627\u0633\u064a\u0629 \u0645\u062b\u0644 \u0627\u0644\u0627\u0633\u0645 \u0648\u0639\u0646\u0648\u0627\u0646 \u0627\u0644\u0628\u0631\u064a\u062f \u0627\u0644\u0625\u0644\u0643\u062a\u0631\u0648\u0646\u064a \u0628\u0647\u062f\u0641 \u0627\u0644\u062a\u0648\u0627\u0635\u0644 \u0645\u0639 \u0627\u0644\u0645\u062a\u0628\u0631\u0639\u064a\u0646 \u0648\u0627\u0644\u0645\u0634\u062a\u0631\u0643\u064a\u0646.<\/p><hr class=\"bg-quiet h-px border-0\" \/><h3 id=\"3-haftung-und-nutzung\" class=\"font-editorial font-bold mb-2 mt-4 [.has-inline-images_&amp;]:clear-end text-base first:mt-0\">3. Haftung und Nutzung \/ \u0627\u0644\u0645\u0633\u0624\u0648\u0644\u064a\u0629 \u0627\u0644\u0642\u0627\u0646\u0648\u0646\u064a\u0629<\/h3><p><span style=\"font-weight: 400;\">Der Betrieb dieser Website erfolgt nach den in der Bundesrepublik Deutschland geltenden gesetzlichen Bestimmungen. Die Nutzung f\u00fcr rechtswidrige Zwecke ist untersagt. Der Betreiber haftet unbeschr\u00e4nkt f\u00fcr Vorsatz und grobe Fahrl\u00e4ssigkeit sowie f\u00fcr Sch\u00e4den aus der Verletzung des Lebens, des K\u00f6rpers oder der Gesundheit. F\u00fcr leichte Fahrl\u00e4ssigkeit haften wir nur bei Verletzung wesentlicher Vertragspflichten. Eine dar\u00fcber hinausgehende Haftung (z.B. f\u00fcr vor\u00fcbergehende technische St\u00f6rungen) ist ausgeschlossen.<\/span><\/p><p><span style=\"font-weight: 400;\">\u064a\u062a\u0645 \u062a\u0634\u063a\u064a\u0644 \u0647\u0630\u0627 \u0627\u0644\u0645\u0648\u0642\u0639 \u0648\u0641\u0642\u064b\u0627 \u0644\u0644\u0642\u0648\u0627\u0646\u064a\u0646 \u0627\u0644\u0645\u0639\u0645\u0648\u0644 \u0628\u0647\u0627 \u0641\u064a \u062c\u0645\u0647\u0648\u0631\u064a\u0629 \u0623\u0644\u0645\u0627\u0646\u064a\u0627 \u0627\u0644\u0627\u062a\u062d\u0627\u062f\u064a\u0629. \u064a\u064f\u062d\u0638\u0631 \u0627\u0644\u0627\u0633\u062a\u062e\u062f\u0627\u0645 \u0644\u0623\u063a\u0631\u0627\u0636 \u063a\u064a\u0631 \u0642\u0627\u0646\u0648\u0646\u064a\u0629. \u062a\u062a\u062d\u0645\u0644 \u0627\u0644\u062c\u0647\u0629 \u0627\u0644\u0645\u0634\u063a\u0644\u0629 \u0627\u0644\u0645\u0633\u0624\u0648\u0644\u064a\u0629 \u0627\u0644\u0643\u0627\u0645\u0644\u0629 \u0639\u0646 \u0627\u0644\u0623\u0636\u0631\u0627\u0631 \u0627\u0644\u0646\u0627\u062a\u062c\u0629 \u0639\u0646 \u0627\u0644\u062a\u0639\u0645\u062f \u0623\u0648 \u0627\u0644\u0625\u0647\u0645\u0627\u0644 \u0627\u0644\u062c\u0633\u064a\u0645\u060c \u0648\u0643\u0630\u0644\u0643 \u0627\u0644\u0623\u0636\u0631\u0627\u0631 \u0627\u0644\u062a\u064a \u062a\u0645\u0633 \u0627\u0644\u062d\u064a\u0627\u0629 \u0623\u0648 \u0627\u0644\u062c\u0633\u062f \u0623\u0648 \u0627\u0644\u0635\u062d\u0629. \u0623\u0645\u0627 \u0641\u064a \u062d\u0627\u0644\u0627\u062a \u0627\u0644\u0625\u0647\u0645\u0627\u0644 \u0627\u0644\u0628\u0633\u064a\u0637\u060c \u0641\u0644\u0627 \u0646\u062a\u062d\u0645\u0644 \u0627\u0644\u0645\u0633\u0624\u0648\u0644\u064a\u0629 \u0625\u0644\u0627 \u0641\u064a \u062d\u0627\u0644 \u0627\u0644\u0625\u062e\u0644\u0627\u0644 \u0628\u0627\u0644\u062a\u0632\u0627\u0645\u0627\u062a \u062c\u0648\u0647\u0631\u064a\u0629. \u064a\u064f\u0633\u062a\u062b\u0646\u0649 \u0645\u0646 \u0630\u0644\u0643 \u0623\u064a \u0645\u0633\u0624\u0648\u0644\u064a\u0629 \u0623\u062e\u0631\u0649 (\u0645\u062b\u0644 \u0627\u0644\u0623\u0639\u0637\u0627\u0644 \u0627\u0644\u062a\u0642\u0646\u064a\u0629 \u0627\u0644\u0645\u0624\u0642\u062a\u0629).<\/span><\/p><hr class=\"bg-quiet h-px border-0\" \/><h3 id=\"4-spenden\" class=\"font-editorial font-bold mb-2 mt-4 [.has-inline-images_&amp;]:clear-end text-base first:mt-0\">4. Spenden \/ \u0627\u0644\u062a\u0628\u0631\u0639\u0627\u062a<\/h3><p><span style=\"font-weight: 400;\">Spenden sind freiwillige Zuwendungen ohne Anspruch auf eine Gegenleistung. Ein gesetzliches Widerrufsrecht besteht nicht f\u00fcr Spenden. Bereits get\u00e4tigte Spenden k\u00f6nnen nur in begr\u00fcndeten Ausnahmef\u00e4llen nach Ermessen des Vereinsvorstands zur\u00fcckerstattet werden.\u00a0<\/span><\/p><p><span style=\"font-weight: 400;\">Auf Wunsch stellen wir f\u00fcr Spenden eine Spendenbescheinigung f\u00fcr das deutsche Finanzamt aus, sofern uns die vollst\u00e4ndige Adresse des Spenders vorliegt.<\/span><\/p><p><span style=\"font-weight: 400;\">\u0627\u0644\u062a\u0628\u0631\u0639\u0627\u062a \u0647\u064a \u0645\u0633\u0627\u0647\u0645\u0627\u062a \u0637\u0648\u0639\u064a\u0629 \u0644\u0627 \u064a\u062a\u0631\u062a\u0628 \u0639\u0644\u064a\u0647\u0627 \u062a\u0642\u062f\u064a\u0645 \u0623\u064a \u0645\u0642\u0627\u0628\u0644. \u0644\u0627 \u064a\u0648\u062c\u062f \u062d\u0642 \u0642\u0627\u0646\u0648\u0646\u064a \u0641\u064a \u0627\u0644\u062a\u0631\u0627\u062c\u0639 \u0639\u0646 \u0627\u0644\u062a\u0628\u0631\u0639. \u0644\u0627 \u064a\u0645\u0643\u0646 \u0627\u0633\u062a\u0631\u062f\u0627\u062f \u0627\u0644\u062a\u0628\u0631\u0639\u0627\u062a \u0627\u0644\u062a\u064a \u062a\u0645 \u062f\u0641\u0639\u0647\u0627 \u0625\u0644\u0627 \u0641\u064a \u062d\u0627\u0644\u0627\u062a \u0627\u0633\u062a\u062b\u0646\u0627\u0626\u064a\u0629 \u0645\u0628\u0631\u0631\u0629 \u062a\u062e\u0636\u0639 \u0644\u062a\u0642\u062f\u064a\u0631 \u0625\u062f\u0627\u0631\u0629 \u0627\u0644\u062c\u0645\u0639\u064a\u0629.\u00a0<\/span><\/p><p><span style=\"font-weight: 400;\">\u0628\u0646\u0627\u0621\u064b \u0639\u0644\u0649 \u0627\u0644\u0637\u0644\u0628\u060c \u0646\u0642\u0648\u0645 \u0628\u0625\u0635\u062f\u0627\u0631 \u0625\u064a\u0635\u0627\u0644 \u062a\u0628\u0631\u0639 \u0644\u062a\u0642\u062f\u064a\u0645\u0647 \u0644\u0645\u0635\u0644\u062d\u0629 \u0627\u0644\u0636\u0631\u0627\u0626\u0628 \u0627\u0644\u0623\u0644\u0645\u0627\u0646\u064a\u0629\u060c \u0628\u0634\u0631\u0637 \u062a\u0632\u0648\u064a\u062f\u0646\u0627 \u0628\u0627\u0644\u0639\u0646\u0648\u0627\u0646 \u0627\u0644\u0643\u0627\u0645\u0644 \u0644\u0644\u0645\u062a\u0628\u0631\u0639.<\/span><\/p><hr class=\"bg-quiet h-px border-0\" \/><h3 id=\"5-datenschutz\" class=\"font-editorial font-bold mb-2 mt-4 [.has-inline-images_&amp;]:clear-end text-base first:mt-0\">5. Datenschutz \/ \u062d\u0645\u0627\u064a\u0629 \u0627\u0644\u0628\u064a\u0627\u0646\u0627\u062a<\/h3><p class=\"my-2 [&amp;+p]:mt-4 [&amp;_strong:has(+br)]:inline-block [&amp;_strong:has(+br)]:pb-2\">Wir verpflichten uns, deine Privatsph\u00e4re zu sch\u00fctzen und deine personenbezogenen Daten in \u00dcbereinstimmung mit der Datenschutz-Grundverordnung (DSGVO) zu verarbeiten.<br \/>Weitere Informationen zur Erhebung und Verwendung deiner Daten findest du in unserer Datenschutzerkl\u00e4rung.<\/p><p class=\"my-2 [&amp;+p]:mt-4 [&amp;_strong:has(+br)]:inline-block [&amp;_strong:has(+br)]:pb-2\">\u0646\u0644\u062a\u0632\u0645 \u0628\u062d\u0645\u0627\u064a\u0629 \u062e\u0635\u0648\u0635\u064a\u062a\u0643 \u0648\u0645\u0639\u0627\u0644\u062c\u0629 \u0628\u064a\u0627\u0646\u0627\u062a\u0643 \u0627\u0644\u0634\u062e\u0635\u064a\u0629 \u0648\u0641\u0642\u064b\u0627 \u0644\u0644\u0627\u0626\u062d\u0629 \u0627\u0644\u0639\u0627\u0645\u0629 \u0644\u062d\u0645\u0627\u064a\u0629 \u0627\u0644\u0628\u064a\u0627\u0646\u0627\u062a (GDPR).<br \/>\u0644\u0645\u0632\u064a\u062f \u0645\u0646 \u0627\u0644\u062a\u0641\u0627\u0635\u064a\u0644 \u062d\u0648\u0644 \u0643\u064a\u0641\u064a\u0629 \u062c\u0645\u0639 \u0648\u0627\u0633\u062a\u062e\u062f\u0627\u0645 \u0628\u064a\u0627\u0646\u0627\u062a\u0643\u060c \u064a\u064f\u0631\u062c\u0649 \u0627\u0644\u0627\u0637\u0644\u0627\u0639 \u0639\u0644\u0649 \u0633\u064a\u0627\u0633\u0629 \u0627\u0644\u062e\u0635\u0648\u0635\u064a\u0629 \u0627\u0644\u062e\u0627\u0635\u0629 \u0628\u0646\u0627.<\/p><hr class=\"bg-quiet h-px border-0\" \/><h3 id=\"6-nderungen-der-bedingungen\" class=\"font-editorial font-bold mb-2 mt-4 [.has-inline-images_&amp;]:clear-end text-base first:mt-0\">6. \u00c4nderungen der Bedingungen \/ \u062a\u0639\u062f\u064a\u0644 \u0627\u0644\u0634\u0631\u0648\u0637<\/h3><p class=\"my-2 [&amp;+p]:mt-4 [&amp;_strong:has(+br)]:inline-block [&amp;_strong:has(+br)]:pb-2\">Die Betreiber der Website behalten sich das Recht vor, diese Gesch\u00e4ftsbedingungen jederzeit zu \u00e4ndern. \u00dcber wesentliche \u00c4nderungen werden die Nutzer \u00fcber die Website oder, falls erforderlich, per E\u2011Mail informiert.<\/p><p class=\"my-2 [&amp;+p]:mt-4 [&amp;_strong:has(+br)]:inline-block [&amp;_strong:has(+br)]:pb-2\">\u062a\u062d\u062a\u0641\u0638 \u0625\u062f\u0627\u0631\u0629 \u0627\u0644\u0645\u0648\u0642\u0639 \u0628\u0627\u0644\u062d\u0642 \u0641\u064a \u062a\u0639\u062f\u064a\u0644 \u0647\u0630\u0647 \u0627\u0644\u0634\u0631\u0648\u0637 \u0648\u0627\u0644\u0623\u062d\u0643\u0627\u0645 \u0641\u064a \u0623\u064a \u0648\u0642\u062a. \u0633\u064a\u062a\u0645 \u0625\u0639\u0644\u0627\u0645 \u0627\u0644\u0645\u0633\u062a\u062e\u062f\u0645\u064a\u0646 \u0628\u0623\u064a \u062a\u063a\u064a\u064a\u0631\u0627\u062a \u062c\u0648\u0647\u0631\u064a\u0629 \u0639\u0628\u0631 \u0627\u0644\u0645\u0648\u0642\u0639 \u0623\u0648 \u0645\u0646 \u062e\u0644\u0627\u0644 \u0627\u0644\u0628\u0631\u064a\u062f \u0627\u0644\u0625\u0644\u0643\u062a\u0631\u0648\u0646\u064a \u0639\u0646\u062f \u0627\u0644\u0627\u0642\u062a\u0636\u0627\u0621.<\/p><hr class=\"bg-quiet h-px border-0\" \/><h3 id=\"7-anwendbares-recht-und-gerichtsstand\" class=\"font-editorial font-bold mb-2 mt-4 [.has-inline-images_&amp;]:clear-end text-base first:mt-0\">7. Anwendbares Recht und Gerichtsstand \/ \u0627\u0644\u0642\u0627\u0646\u0648\u0646 \u0627\u0644\u0645\u0639\u0645\u0648\u0644 \u0628\u0647<\/h3><p class=\"my-2 [&amp;+p]:mt-4 [&amp;_strong:has(+br)]:inline-block [&amp;_strong:has(+br)]:pb-2\">Diese Gesch\u00e4ftsbedingungen unterliegen dem Recht der Bundesrepublik Deutschland. F\u00fcr alle Streitigkeiten, die sich aus der Nutzung dieser Website ergeben, sind die Gerichte in Deutschland zust\u00e4ndig.<\/p><p class=\"my-2 [&amp;+p]:mt-4 [&amp;_strong:has(+br)]:inline-block [&amp;_strong:has(+br)]:pb-2\">\u062a\u062e\u0636\u0639 \u0647\u0630\u0647 \u0627\u0644\u0634\u0631\u0648\u0637 \u0648\u0627\u0644\u0623\u062d\u0643\u0627\u0645 \u0644\u0644\u0642\u0648\u0627\u0646\u064a\u0646 \u0627\u0644\u0623\u0644\u0645\u0627\u0646\u064a\u0629\u060c \u0648\u064a\u0643\u0648\u0646 \u0627\u0644\u0627\u062e\u062a\u0635\u0627\u0635 \u0627\u0644\u0642\u0636\u0627\u0626\u064a \u0644\u0645\u062d\u0627\u0643\u0645 \u0623\u0644\u0645\u0627\u0646\u064a\u0627 \u0641\u064a \u0623\u064a \u0646\u0632\u0627\u0639 \u0642\u062f \u064a\u0646\u0634\u0623 \u0639\u0646 \u0627\u0633\u062a\u062e\u062f\u0627\u0645 \u0647\u0630\u0627 \u0627\u0644\u0645\u0648\u0642\u0639.<\/p>\t\t\t\t\t\t\t\t<\/div>\n\t\t\t\t<\/div>\n\t\t\t\t\t<\/div>\n\t\t\t\t<\/div>\n\t\t\t\t<\/div>","protected":false},"excerpt":{"rendered":"<p>\u0627\u0644\u0634\u0631\u0648\u0637 \u0648 \u0627\u0644\u0623\u062d\u0643\u0627\u0645 Allgemeine Gesch\u00e4ftsbedingungen (AGB) 1. Einleitung \/ \u0645\u0642\u062f\u0645\u0629 Willkommen auf der Website der Al-Iman-Moschee unter www.al-iman.org. Durch die Nutzung dieser Website erkl\u00e4rst du dich mit diesen Gesch\u00e4ftsbedingungen einverstanden. Wenn du mit einer der Bestimmungen nicht einverstanden bist, bitten wir dich, die Nutzung der Website zu unterlassen. \u0645\u0631\u062d\u0628\u064b\u0627 \u0628\u0643\u0645 \u0641\u064a \u0645\u0648\u0642\u0639 \u0645\u0633\u062c\u062f \u0627\u0644\u0625\u064a\u0645\u0627\u0646 www.al-iman.org. [&hellip;]<\/p>","protected":false},"author":3,"featured_media":0,"parent":0,"menu_order":0,"comment_status":"closed","ping_status":"closed","template":"elementor_header_footer","meta":{"_joinchat":[],"footnotes":""},"class_list":["post-4184","page","type-page","status-publish","hentry"],"blocksy_meta":[],"_links":{"self":[{"href":"https:\/\/al-iman.org\/en\/wp-json\/wp\/v2\/pages\/4184","targetHints":{"allow":["GET"]}}],"collection":[{"href":"https:\/\/al-iman.org\/en\/wp-json\/wp\/v2\/pages"}],"about":[{"href":"https:\/\/al-iman.org\/en\/wp-json\/wp\/v2\/types\/page"}],"author":[{"embeddable":true,"href":"https:\/\/al-iman.org\/en\/wp-json\/wp\/v2\/users\/3"}],"replies":[{"embeddable":true,"href":"https:\/\/al-iman.org\/en\/wp-json\/wp\/v2\/comments?post=4184"}],"version-history":[{"count":16,"href":"https:\/\/al-iman.org\/en\/wp-json\/wp\/v2\/pages\/4184\/revisions"}],"predecessor-version":[{"id":5460,"href":"https:\/\/al-iman.org\/en\/wp-json\/wp\/v2\/pages\/4184\/revisions\/5460"}],"wp:attachment":[{"href":"https:\/\/al-iman.org\/en\/wp-json\/wp\/v2\/media?parent=4184"}],"curies":[{"name":"wp","href":"https:\/\/api.w.org\/{rel}","templated":true}]}}